{"id":10406,"date":"2026-02-09T10:57:14","date_gmt":"2026-02-09T08:57:14","guid":{"rendered":"https:\/\/murlian.com\/?page_id=10406"},"modified":"2026-02-09T10:57:14","modified_gmt":"2026-02-09T08:57:14","slug":"contacts","status":"publish","type":"page","link":"https:\/\/murlian.com\/pl\/contacts\/","title":{"rendered":"Kontakty"},"content":{"rendered":"<p><div class=\"fusion-fullwidth fullwidth-box fusion-builder-row-1 fusion-flex-container nonhundred-percent-fullwidth non-hundred-percent-height-scrolling\" style=\"--awb-border-radius-top-left:0px;--awb-border-radius-top-right:0px;--awb-border-radius-bottom-right:0px;--awb-border-radius-bottom-left:0px;--awb-margin-top:20px;--awb-flex-wrap:wrap;\" ><div class=\"fusion-builder-row fusion-row fusion-flex-align-items-center fusion-flex-align-content-center fusion-flex-justify-content-center fusion-flex-content-wrap\" style=\"max-width:1144px;margin-left: calc(-4% \/ 2 );margin-right: calc(-4% \/ 2 );\"><div class=\"fusion-layout-column fusion_builder_column fusion-builder-column-0 fusion_builder_column_1_1 1_1 fusion-flex-column fusion-flex-align-self-center\" style=\"--awb-bg-size:cover;--awb-width-large:100%;--awb-margin-top-large:0px;--awb-spacing-right-large:1.92%;--awb-margin-bottom-large:0px;--awb-spacing-left-large:1.92%;--awb-width-medium:100%;--awb-order-medium:0;--awb-spacing-right-medium:1.92%;--awb-spacing-left-medium:1.92%;--awb-width-small:100%;--awb-order-small:0;--awb-spacing-right-small:1.92%;--awb-spacing-left-small:1.92%;\"><div class=\"fusion-column-wrapper fusion-column-has-shadow fusion-flex-justify-content-center fusion-content-layout-column\"><div class=\"fusion-text fusion-text-1\"><p style=\"text-align: center;\"><b style=\"background-color: rgba(255, 255, 255, 0); color: var(--body_typography-color); font-family: var(--body_typography-font-family); font-size: var(--body_typography-font-size); font-style: var(--body_typography-font-style,normal); letter-spacing: var(--body_typography-letter-spacing);\"> <\/b><strong>Pon.-Sob.:<\/strong> 9:00-19:00, <strong>Niedziela:<\/strong> nieczynne<br \/>\nKij\u00f3w, ul. Julii Zdanowska, 58A<br \/>\n<b style=\"background-color: rgba(255, 255, 255, 0); color: var(--body_typography-color); font-family: var(--body_typography-font-family); font-size: var(--body_typography-font-size); font-style: var(--body_typography-font-style,normal); letter-spacing: var(--body_typography-letter-spacing);\"><i class=\"far fa-envelope\"><\/i><\/b> <a style=\"background-color: rgba(255, 255, 255, 0); font-family: var(--body_typography-font-family); font-size: var(--body_typography-font-size); font-style: var(--body_typography-font-style,normal); font-weight: var(--body_typography-font-weight); letter-spacing: var(--body_typography-letter-spacing);\" href=\"mailto:dr.dmytriymurlian@gmail.com\">Dr.dmytriymurlian@gmail.com<\/a><br \/>\n<b style=\"background-color: rgba(255, 255, 255, 0); color: var(--body_typography-color); font-family: var(--body_typography-font-family); font-size: var(--body_typography-font-size); font-style: var(--body_typography-font-style,normal); letter-spacing: var(--body_typography-letter-spacing);\"><i class=\"fas fa-mobile-alt\"><\/i><\/b> <a style=\"background-color: rgba(255, 255, 255, 0); font-family: var(--body_typography-font-family); font-size: var(--body_typography-font-size); font-style: var(--body_typography-font-style,normal); font-weight: var(--body_typography-font-weight); letter-spacing: var(--body_typography-letter-spacing); color: #002282;\" href=\"tel:+380507105123\">+380507105123<\/a><\/p>\n<\/div><\/div><\/div><div class=\"fusion-layout-column fusion_builder_column fusion-builder-column-1 fusion_builder_column_1_1 1_1 fusion-flex-column fusion-flex-align-self-center\" style=\"--awb-bg-size:cover;--awb-width-large:100%;--awb-margin-top-large:0px;--awb-spacing-right-large:1.92%;--awb-margin-bottom-large:12px;--awb-spacing-left-large:1.92%;--awb-width-medium:100%;--awb-order-medium:0;--awb-spacing-right-medium:1.92%;--awb-spacing-left-medium:1.92%;--awb-width-small:100%;--awb-order-small:0;--awb-spacing-right-small:1.92%;--awb-spacing-left-small:1.92%;\"><div class=\"fusion-column-wrapper fusion-column-has-shadow fusion-flex-justify-content-center fusion-content-layout-column\"><div class=\"fusion-text fusion-text-2\"><p style=\"text-align: center;\"><div style=\"display:none\" class=\"fm-form-container fm-theme1\"><div id=\"fm-pages7\" class=\"fm-pages wdform_page_navigation \" show_title=\"\" show_numbers=\"1\" type=\"none\"><\/div><form name=\"form7\" action=\"\/pl\/wp-json\/wp\/v2\/pages\/10406\" method=\"post\" id=\"form7\" class=\"fm-form form7  \" enctype=\"multipart\/form-data\"><input type=\"hidden\" id=\"fm_page_id7\" value=\"10406\" name=\"fm_page_id7\" \/><input type=\"hidden\" id=\"fm_current_post_type7\" value=\"page\" name=\"fm_current_post_type7\" \/><input type=\"hidden\" id=\"counter7\" value=\"5\" name=\"counter7\" \/><input type=\"hidden\" id=\"Itemid7\" value=\"\" name=\"Itemid7\" \/><input type=\"hidden\" id=\"fm_shake7\" value=\"1\" name=\"fm_shake7\" \/><input type=\"text\" class=\"fm-hide\" id=\"fm_bot_validation7\" value=\"\" name=\"fm_bot_validation7\" \/><input type=\"text\" class=\"fm-hide\" id=\"fm_empty_field_validation7\" value=\"\" name=\"fm_empty_field_validation7\" data-value=\"bd736efb144d599cf463541431fbf5c4\" \/><input type=\"hidden\" id=\"fm_ajax_url7\" data-ajax_url=\"https:\/\/murlian.com\/wp-admin\/admin-ajax.php?action=fm_submit_form&current_id=7&formType=embedded\" \/><input type=\"hidden\" id=\"fm_ajax_redirect_url7\" data-ajax_redirect_url=\"0\" \/><div class=\"fm-header-bg\"><div class=\"fm-header \"><div class=\"fm-header-text\">          <div class=\"fm-header-title\">            Masz jakie\u015b pytania?          <\/div>          <div class=\"fm-header-description\">            <p style=\"text-align: center\"><span style=\"color: #2d2d2d;font-family: 'Tenor Sans', Arial, Helvetica, sans-serif;font-size: 20px;text-align: center\">Wype\u0142nij formularz, a na pewno wkr\u00f3tce si\u0119 z Tob\u0105 skontaktuj\u0119 i przeka\u017c\u0119 Ci wszystkie niezb\u0119dne informacje.<\/span><\/p>          <\/div>        <\/div><\/div><\/div><div class=\"wdform-page-and-images fm-form-builder\"><div id=\"7form_view1\" class=\"wdform_page\" page_title=\"Untitled page\" next_title=\"Next\" next_type=\"text\" next_class=\"wdform-page-button\" next_checkable=\"true\" previous_title=\"Previous\" previous_type=\"text\" previous_class=\"wdform-page-button\" previous_checkable=\"false\"><div class=\"wdform_section\"><div class=\"wdform_column\"><div wdid=\"3\" class=\"wdform_row\" style=\"position: relative; left: 0px; top: 0px;\"><div type=\"type_text\" class=\"wdform-field wd-width-100 wd-flex wd-flex-row fm-type_text\" ><div class=\"wdform-label-section wd-width-30 wd-hidden undefined wd-flex-row wd-align-items-center\">    <label  for=\"wdform_3_element7\" class=\"wdform-label\">Jak masz na imi\u0119?<\/label><span class=\"wdform-required\">*<\/span><\/div><div class=\"wdform-element-section wd-flex undefined wd-flex-row wd-align-items-center wd-width-100\" ><input type=\"text\"                           class=\"wd-width-100\"                           id=\"wdform_3_element7\"                           name=\"wdform_3_element7\"                           value=\"\"                           data-value=\"\"                           title=\"Jak masz na imi\u0119?\"                           placeholder=\"Jak masz na imi\u0119?\"                                                       \/><\/div><\/div><\/div><\/div><div class=\"wdform_column\"><div wdid=\"5\" class=\"wdform_row\" style=\"position: relative; left: 0px; top: 0px;\"><div type=\"type_textarea\" class=\"wdform-field wd-width-100 wd-flex wd-flex-row fm-type_textarea\" ><div class=\"wdform-label-section wd-width-30 wd-hidden \">    <label  for=\"wdform_5_element7\" class=\"wdform-label\">Informacje dodatkowe<\/label><\/div><div class=\"wdform-element-section wd-flex  wd-width-100\" ><textarea class=\"wd-width-100\"                      id=\"wdform_5_element7\"                      name=\"wdform_5_element7\"                      placeholder=\"Informacje dodatkowe (numer telefonu, adres e-mail...)\"                      data-value=\"\"                      maxlength=\"\"                      style=\"height: 100px;\"                      ><\/textarea><\/div><\/div><\/div><\/div><div class=\"wdform_column\"><div wdid=\"1\" class=\"wdform_row\" style=\"position: relative; left: 0px; top: 0px;\"><div type=\"type_submit_reset\" class=\"wdform-field wd-width-100 wd-flex wd-flex-column fm-type_submit_reset\" ><div class=\"wdform-element-section wd-flex  wd-flex-row wd-justify-content-center wd-width-100\" ><button  type=\"button\" class=\"button-submit\" onclick=\"fm_submit_form('7');\"  data-ajax=\"1\"><span class=\"fm-submit-loading spinner fm-ico-spinner\"><\/span>Wys\u0142a\u0107<\/button><button  type=\"button\" class=\"button-reset wd-hidden\" onclick=\"fm_reset_form(7);\" >Reset<\/button><\/div><\/div><\/div><\/div><\/div><div valign=\"top\" class=\"wdform_footer wd-width-100\"><div class=\"wd-width-100\"><div class=\"wd-width-100 wd-table\" style=\"padding-top:10px;\"><div class=\"wd-table-group\"><div id=\"7page_nav1\" class=\"wd-table-row\"><\/div><\/div><\/div><\/div><\/div><\/div><\/div><div class=\"wdform_preload\"><\/div><input type=\"hidden\" name=\"fm-current-page\" value=\"https:\/\/murlian.com\/pl\/wp-json\/wp\/v2\/pages\/10406\" \/><\/form><\/div><\/p>\n<\/div><\/div><\/div><\/div><\/div><div class=\"fusion-fullwidth fullwidth-box fusion-builder-row-2 fusion-flex-container hundred-percent-fullwidth non-hundred-percent-height-scrolling\" style=\"--awb-border-radius-top-left:0px;--awb-border-radius-top-right:0px;--awb-border-radius-bottom-right:0px;--awb-border-radius-bottom-left:0px;--awb-padding-top:0px;--awb-padding-right:0px;--awb-padding-bottom:0px;--awb-padding-left:0px;--awb-margin-top:0px;--awb-margin-bottom:-60px;--awb-flex-wrap:wrap;\" ><div class=\"fusion-builder-row fusion-row fusion-flex-align-items-center fusion-flex-justify-content-center fusion-flex-content-wrap\" style=\"width:104% !important;max-width:104% !important;margin-left: calc(-4% \/ 2 );margin-right: calc(-4% \/ 2 );\"><div class=\"fusion-layout-column fusion_builder_column fusion-builder-column-2 fusion_builder_column_1_1 1_1 fusion-flex-column\" style=\"--awb-bg-size:cover;--awb-width-large:100%;--awb-margin-top-large:0px;--awb-spacing-right-large:1.92%;--awb-margin-bottom-large:20px;--awb-spacing-left-large:1.92%;--awb-width-medium:100%;--awb-order-medium:0;--awb-spacing-right-medium:1.92%;--awb-spacing-left-medium:1.92%;--awb-width-small:100%;--awb-order-small:0;--awb-spacing-right-small:1.92%;--awb-spacing-left-small:1.92%;\"><div class=\"fusion-column-wrapper fusion-column-has-shadow fusion-flex-justify-content-flex-start fusion-content-layout-column\">\t\t\t\t\t<script type=\"text\/javascript\">\n\t\t\t\t\t\tvar map_fusion_map_69e89b0b02d0a;\n\t\t\t\t\t\tvar markers = [];\n\t\t\t\t\t\tvar counter = 0;\n\t\t\t\t\t\t\t\t\t\t\t\t\t\t\t\t\t\t\t\tvar fusionMapNonce = '68af21e7b3';\n\t\t\t\t\t\t\t\t\t\t\t\tfunction fusion_run_map_fusion_map_69e89b0b02d0a() {\n\t\t\t\t\t\t\tjQuery ('#fusion_map_69e89b0b02d0a' ).fusion_maps( {\n\t\t\t\t\t\t\t\taddresses: [{\"address\":\"50.3846325,30.4575369\",\"infobox_content\":\"\",\"coordinates\":true,\"latitude\":\"50.3846325\",\"longitude\":\"30.4575369\",\"cache\":true,\"geocoded_address\":\"50.3846325,30.4575369\"}],\n\t\t\t\t\t\t\t\tanimations: true,\n\t\t\t\t\t\t\t\tinfobox_background_color: '',\n\t\t\t\t\t\t\t\tinfobox_styling: 'default',\n\t\t\t\t\t\t\t\tinfobox_text_color: '',\n\t\t\t\t\t\t\t\tmap_style: 'default',\n\t\t\t\t\t\t\t\tmap_type: 'roadmap',\n\t\t\t\t\t\t\t\tmarker_icon: '',\n\t\t\t\t\t\t\t\toverlay_color: '',\n\t\t\t\t\t\t\t\toverlay_color_hsl: {\"hue\":0,\"sat\":0,\"lum\":100},\n\t\t\t\t\t\t\t\tshow_address: true,\n\t\t\t\t\t\t\t\tscale_control: true,\n\t\t\t\t\t\t\t\tscrollwheel: true,\n\t\t\t\t\t\t\t\tzoom: 17,\n\t\t\t\t\t\t\t\tzoom_control: true,\n\t\t\t\t\t\t\t} );\n\t\t\t\t\t\t}\n\n\t\t\t\t\t\tgoogle.maps.event.addDomListener(window, 'load', fusion_run_map_fusion_map_69e89b0b02d0a);\n\t\t\t\t\t<\/script>\n\t\t\t\t\t<div class=\"shortcode-map fusion-google-map fusion-maps-js-type\" id=\"fusion_map_69e89b0b02d0a\"><\/div><\/div><\/div><\/div><\/div><\/p>\n","protected":false},"excerpt":{"rendered":"","protected":false},"author":1,"featured_media":0,"parent":0,"menu_order":0,"comment_status":"closed","ping_status":"closed","template":"100-width.php","meta":{"footnotes":""},"class_list":["post-10406","page","type-page","status-publish","hentry"],"yoast_head":"<!-- This site is optimized with the Yoast SEO plugin v27.4 - https:\/\/yoast.com\/product\/yoast-seo-wordpress\/ -->\n<title>Kontakty - Dr. Murlian<\/title>\n<meta name=\"description\" content=\"Kontakty - Dr. Murlian\" \/>\n<meta name=\"robots\" content=\"index, follow, max-snippet:-1, max-image-preview:large, max-video-preview:-1\" \/>\n<link rel=\"canonical\" href=\"https:\/\/murlian.com\/pl\/contacts\/\" \/>\n<meta property=\"og:locale\" content=\"pl_PL\" \/>\n<meta property=\"og:type\" content=\"article\" \/>\n<meta property=\"og:title\" content=\"Kontakty - Dr. Murlian\" \/>\n<meta property=\"og:description\" content=\"Kontakty - Dr. Murlian\" \/>\n<meta property=\"og:url\" content=\"https:\/\/murlian.com\/pl\/contacts\/\" \/>\n<meta property=\"og:site_name\" content=\"Dmytro Murlian - \u0421\u0442\u043e\u043c\u0430\u0442\u043e\u043b\u043e\u0433 \u0414\u043c\u0438\u0442\u0440\u043e \u041c\u0443\u0440\u043b\u044f\u043d\" \/>\n<meta property=\"article:publisher\" content=\"https:\/\/www.facebook.com\/watch\/Dr.Murlian\/\" \/>\n<meta property=\"og:image\" content=\"https:\/\/murlian.com\/wp-content\/uploads\/2021\/08\/Dmytro_Murlian.jpg\" \/>\n\t<meta property=\"og:image:width\" content=\"2400\" \/>\n\t<meta property=\"og:image:height\" content=\"1424\" \/>\n\t<meta property=\"og:image:type\" content=\"image\/jpeg\" \/>\n<meta name=\"twitter:card\" content=\"summary_large_image\" \/>\n<script type=\"application\/ld+json\" class=\"yoast-schema-graph\">{\"@context\":\"https:\\\/\\\/schema.org\",\"@graph\":[{\"@type\":\"WebPage\",\"@id\":\"https:\\\/\\\/murlian.com\\\/pl\\\/contacts\\\/\",\"url\":\"https:\\\/\\\/murlian.com\\\/pl\\\/contacts\\\/\",\"name\":\"Kontakty - Dr. Murlian\",\"isPartOf\":{\"@id\":\"https:\\\/\\\/murlian.com\\\/pl\\\/#website\"},\"datePublished\":\"2026-02-09T08:57:14+00:00\",\"description\":\"Kontakty - Dr. Murlian\",\"breadcrumb\":{\"@id\":\"https:\\\/\\\/murlian.com\\\/pl\\\/contacts\\\/#breadcrumb\"},\"inLanguage\":\"pl-PL\",\"potentialAction\":[{\"@type\":\"ReadAction\",\"target\":[\"https:\\\/\\\/murlian.com\\\/pl\\\/contacts\\\/\"]}]},{\"@type\":\"BreadcrumbList\",\"@id\":\"https:\\\/\\\/murlian.com\\\/pl\\\/contacts\\\/#breadcrumb\",\"itemListElement\":[{\"@type\":\"ListItem\",\"position\":1,\"name\":\"\u0413\u043e\u043b\u043e\u0432\u043d\u0430 \u0421\u0442\u043e\u0440\u0456\u043d\u043a\u0430\",\"item\":\"https:\\\/\\\/murlian.com\\\/pl\\\/\"},{\"@type\":\"ListItem\",\"position\":2,\"name\":\"Kontakty\"}]},{\"@type\":\"WebSite\",\"@id\":\"https:\\\/\\\/murlian.com\\\/pl\\\/#website\",\"url\":\"https:\\\/\\\/murlian.com\\\/pl\\\/\",\"name\":\"Dmytro Murlian - \u0421\u0442\u043e\u043c\u0430\u0442\u043e\u043b\u043e\u0433 \u0414\u043c\u0438\u0442\u0440\u043e \u041c\u0443\u0440\u043b\u044f\u043d\",\"description\":\"\u0421\u0442\u043e\u043c\u0430\u0442\u043e\u043b\u043e\u0433\u0456\u044f \u0432 \u041a\u0438\u0454\u0432\u0456, \u0421\u0442\u043e\u043c\u0430\u0442\u043e\u043b\u043e\u0433 \u0414\u043c\u0438\u0442\u0440\u043e \u041c\u0443\u0440\u043b\u044f\u043d | Dmytro Murlian\",\"publisher\":{\"@id\":\"https:\\\/\\\/murlian.com\\\/pl\\\/#organization\"},\"potentialAction\":[{\"@type\":\"SearchAction\",\"target\":{\"@type\":\"EntryPoint\",\"urlTemplate\":\"https:\\\/\\\/murlian.com\\\/pl\\\/?s={search_term_string}\"},\"query-input\":{\"@type\":\"PropertyValueSpecification\",\"valueRequired\":true,\"valueName\":\"search_term_string\"}}],\"inLanguage\":\"pl-PL\"},{\"@type\":\"Organization\",\"@id\":\"https:\\\/\\\/murlian.com\\\/pl\\\/#organization\",\"name\":\"Dmytro Murlian\",\"url\":\"https:\\\/\\\/murlian.com\\\/pl\\\/\",\"logo\":{\"@type\":\"ImageObject\",\"inLanguage\":\"pl-PL\",\"@id\":\"https:\\\/\\\/murlian.com\\\/pl\\\/#\\\/schema\\\/logo\\\/image\\\/\",\"url\":\"https:\\\/\\\/murlian.com\\\/wp-content\\\/uploads\\\/2021\\\/05\\\/dmytro_logo-04.png\",\"contentUrl\":\"https:\\\/\\\/murlian.com\\\/wp-content\\\/uploads\\\/2021\\\/05\\\/dmytro_logo-04.png\",\"width\":521,\"height\":521,\"caption\":\"Dmytro Murlian\"},\"image\":{\"@id\":\"https:\\\/\\\/murlian.com\\\/pl\\\/#\\\/schema\\\/logo\\\/image\\\/\"},\"sameAs\":[\"https:\\\/\\\/www.facebook.com\\\/watch\\\/Dr.Murlian\\\/\",\"https:\\\/\\\/www.instagram.com\\\/dmitriymurlian\\\/\"]}]}<\/script>\n<!-- \/ Yoast SEO plugin. -->","yoast_head_json":{"title":"Kontakty - Dr. Murlian","description":"Kontakty - Dr. Murlian","robots":{"index":"index","follow":"follow","max-snippet":"max-snippet:-1","max-image-preview":"max-image-preview:large","max-video-preview":"max-video-preview:-1"},"canonical":"https:\/\/murlian.com\/pl\/contacts\/","og_locale":"pl_PL","og_type":"article","og_title":"Kontakty - Dr. Murlian","og_description":"Kontakty - Dr. Murlian","og_url":"https:\/\/murlian.com\/pl\/contacts\/","og_site_name":"Dmytro Murlian - \u0421\u0442\u043e\u043c\u0430\u0442\u043e\u043b\u043e\u0433 \u0414\u043c\u0438\u0442\u0440\u043e \u041c\u0443\u0440\u043b\u044f\u043d","article_publisher":"https:\/\/www.facebook.com\/watch\/Dr.Murlian\/","og_image":[{"width":2400,"height":1424,"url":"https:\/\/murlian.com\/wp-content\/uploads\/2021\/08\/Dmytro_Murlian.jpg","type":"image\/jpeg"}],"twitter_card":"summary_large_image","schema":{"@context":"https:\/\/schema.org","@graph":[{"@type":"WebPage","@id":"https:\/\/murlian.com\/pl\/contacts\/","url":"https:\/\/murlian.com\/pl\/contacts\/","name":"Kontakty - Dr. Murlian","isPartOf":{"@id":"https:\/\/murlian.com\/pl\/#website"},"datePublished":"2026-02-09T08:57:14+00:00","description":"Kontakty - Dr. Murlian","breadcrumb":{"@id":"https:\/\/murlian.com\/pl\/contacts\/#breadcrumb"},"inLanguage":"pl-PL","potentialAction":[{"@type":"ReadAction","target":["https:\/\/murlian.com\/pl\/contacts\/"]}]},{"@type":"BreadcrumbList","@id":"https:\/\/murlian.com\/pl\/contacts\/#breadcrumb","itemListElement":[{"@type":"ListItem","position":1,"name":"\u0413\u043e\u043b\u043e\u0432\u043d\u0430 \u0421\u0442\u043e\u0440\u0456\u043d\u043a\u0430","item":"https:\/\/murlian.com\/pl\/"},{"@type":"ListItem","position":2,"name":"Kontakty"}]},{"@type":"WebSite","@id":"https:\/\/murlian.com\/pl\/#website","url":"https:\/\/murlian.com\/pl\/","name":"Dmytro Murlian - \u0421\u0442\u043e\u043c\u0430\u0442\u043e\u043b\u043e\u0433 \u0414\u043c\u0438\u0442\u0440\u043e \u041c\u0443\u0440\u043b\u044f\u043d","description":"\u0421\u0442\u043e\u043c\u0430\u0442\u043e\u043b\u043e\u0433\u0456\u044f \u0432 \u041a\u0438\u0454\u0432\u0456, \u0421\u0442\u043e\u043c\u0430\u0442\u043e\u043b\u043e\u0433 \u0414\u043c\u0438\u0442\u0440\u043e \u041c\u0443\u0440\u043b\u044f\u043d | Dmytro Murlian","publisher":{"@id":"https:\/\/murlian.com\/pl\/#organization"},"potentialAction":[{"@type":"SearchAction","target":{"@type":"EntryPoint","urlTemplate":"https:\/\/murlian.com\/pl\/?s={search_term_string}"},"query-input":{"@type":"PropertyValueSpecification","valueRequired":true,"valueName":"search_term_string"}}],"inLanguage":"pl-PL"},{"@type":"Organization","@id":"https:\/\/murlian.com\/pl\/#organization","name":"Dmytro Murlian","url":"https:\/\/murlian.com\/pl\/","logo":{"@type":"ImageObject","inLanguage":"pl-PL","@id":"https:\/\/murlian.com\/pl\/#\/schema\/logo\/image\/","url":"https:\/\/murlian.com\/wp-content\/uploads\/2021\/05\/dmytro_logo-04.png","contentUrl":"https:\/\/murlian.com\/wp-content\/uploads\/2021\/05\/dmytro_logo-04.png","width":521,"height":521,"caption":"Dmytro Murlian"},"image":{"@id":"https:\/\/murlian.com\/pl\/#\/schema\/logo\/image\/"},"sameAs":["https:\/\/www.facebook.com\/watch\/Dr.Murlian\/","https:\/\/www.instagram.com\/dmitriymurlian\/"]}]}},"_links":{"self":[{"href":"https:\/\/murlian.com\/pl\/wp-json\/wp\/v2\/pages\/10406","targetHints":{"allow":["GET"]}}],"collection":[{"href":"https:\/\/murlian.com\/pl\/wp-json\/wp\/v2\/pages"}],"about":[{"href":"https:\/\/murlian.com\/pl\/wp-json\/wp\/v2\/types\/page"}],"author":[{"embeddable":true,"href":"https:\/\/murlian.com\/pl\/wp-json\/wp\/v2\/users\/1"}],"replies":[{"embeddable":true,"href":"https:\/\/murlian.com\/pl\/wp-json\/wp\/v2\/comments?post=10406"}],"version-history":[{"count":0,"href":"https:\/\/murlian.com\/pl\/wp-json\/wp\/v2\/pages\/10406\/revisions"}],"wp:attachment":[{"href":"https:\/\/murlian.com\/pl\/wp-json\/wp\/v2\/media?parent=10406"}],"curies":[{"name":"wp","href":"https:\/\/api.w.org\/{rel}","templated":true}]}}